{"id":8183,"date":"2024-05-07T13:21:48","date_gmt":"2024-05-07T17:21:48","guid":{"rendered":"https:\/\/www.inter-rivenord.com\/?page_id=8183"},"modified":"2024-05-28T16:08:17","modified_gmt":"2024-05-28T20:08:17","slug":"zero-emission","status":"publish","type":"page","link":"https:\/\/www.inter-rivenord.com\/fr\/zero-emission\/","title":{"rendered":"S\u00c9RIE eMV &#8211; Zero \u00e9mission"},"content":{"rendered":"<h3><a href=\"https:\/\/www.inter-rivenord.com\/wp-content\/uploads\/2024\/05\/eMV-image-titre.jpg\"><img loading=\"lazy\" class=\"aligncenter wp-image-8205 size-full\" src=\"https:\/\/www.inter-rivenord.com\/wp-content\/uploads\/2024\/05\/eMV-image-titre.jpg\" alt=\"\" width=\"1640\" height=\"803\" srcset=\"https:\/\/www.inter-rivenord.com\/wp-content\/uploads\/2024\/05\/eMV-image-titre.jpg 1640w, https:\/\/www.inter-rivenord.com\/wp-content\/uploads\/2024\/05\/eMV-image-titre-300x147.jpg 300w, https:\/\/www.inter-rivenord.com\/wp-content\/uploads\/2024\/05\/eMV-image-titre-1024x501.jpg 1024w, https:\/\/www.inter-rivenord.com\/wp-content\/uploads\/2024\/05\/eMV-image-titre-768x376.jpg 768w, https:\/\/www.inter-rivenord.com\/wp-content\/uploads\/2024\/05\/eMV-image-titre-1536x752.jpg 1536w, https:\/\/www.inter-rivenord.com\/wp-content\/uploads\/2024\/05\/eMV-image-titre-1344x658.jpg 1344w, https:\/\/www.inter-rivenord.com\/wp-content\/uploads\/2024\/05\/eMV-image-titre-991x485.jpg 991w, https:\/\/www.inter-rivenord.com\/wp-content\/uploads\/2024\/05\/eMV-image-titre-692x339.jpg 692w, https:\/\/www.inter-rivenord.com\/wp-content\/uploads\/2024\/05\/eMV-image-titre-734x359.jpg 734w, https:\/\/www.inter-rivenord.com\/wp-content\/uploads\/2024\/05\/eMV-image-titre-722x354.jpg 722w, https:\/\/www.inter-rivenord.com\/wp-content\/uploads\/2024\/05\/eMV-image-titre-1139x558.jpg 1139w, https:\/\/www.inter-rivenord.com\/wp-content\/uploads\/2024\/05\/eMV-image-titre-960x470.jpg 960w, https:\/\/www.inter-rivenord.com\/wp-content\/uploads\/2024\/05\/eMV-image-titre-342x167.jpg 342w\" sizes=\"(max-width: 1640px) 100vw, 1640px\" \/><\/a><\/h3>\n<h3><\/h3>\n<h3><span style=\"color: #ff6600;\"><strong>CARACT\u00c9RISTIQUES PRINCIPALES DE LA S\u00c9RIE INTERNATIONAL\u00ae eMV\u2122<\/strong><\/span><\/h3>\n<ul>\n<li>Autonomie typique : 217 km*<\/li>\n<li>Puissance maximale : 342 ch (batterie au lithium fer phosphate (LFP) de 210 KWh)**<\/li>\n<li>3 niveaux de freinage r\u00e9g\u00e9n\u00e9ratif<\/li>\n<li>Acc\u00e9l\u00e9ration \u00e9gale ou sup\u00e9rieure \u00e0 celle du diesel<\/li>\n<li>Syst\u00e8me de gestion thermique de la batterie (BTMS) utilisant un liquide de refroidissement rouge standard<\/li>\n<li>Entretien r\u00e9duit par rapport au diesel<\/li>\n<li>Solutions de recharge cl\u00e9 en main disponibles aupr\u00e8s de l&rsquo;\u00e9quipe International\u00ae Zero Emissions<\/li>\n<\/ul>\n<p>* L&rsquo;autonomie r\u00e9elle est bas\u00e9e sur les conditions environnementales, les comportements de conduite, la diminution des charges et l&rsquo;utilisation maximale du freinage par r\u00e9cup\u00e9ration, etc.<\/p>\n<p>** Option de batterie de groupe motopropulseur de 210 kWh avec 12 % retenus pour la protection de la charge de base. L&rsquo;autonomie r\u00e9elle est bas\u00e9e sur les conditions environnementales, les comportements de conduite, etc.<\/p>\n<h3><span style=\"color: #ff9900;\"><strong><br \/>\n<span style=\"color: #ff6600;\">FAIRE LE TRAVAIL.<\/span><\/strong><\/span><\/h3>\n<p>&nbsp;<\/p>\n<h4>LIVRAISON<\/h4>\n<p>&nbsp;<\/p>\n<p>Besoin d&rsquo;effectuer des livraisons locales ? Vous pouvez compter sur la s\u00e9rie eMV\u2122 pour acheminer les marchandises d&rsquo;un point A \u00e0 un point B, et n&rsquo;importe o\u00f9 entre les deux. De plus, la s\u00e9rie eMV\u2122 peut \u00eatre en mesure d&rsquo;acc\u00e9der \u00e0 certaines routes et zones urbaines o\u00f9 les camions diesel ne sont pas autoris\u00e9s, ouvrant ainsi davantage d&rsquo;opportunit\u00e9s commerciales.<\/p>\n<p><a href=\"https:\/\/www.inter-rivenord.com\/wp-content\/uploads\/2024\/05\/eMV-image-livraison.jpg\"><img loading=\"lazy\" class=\"aligncenter wp-image-8197 size-full\" src=\"https:\/\/www.inter-rivenord.com\/wp-content\/uploads\/2024\/05\/eMV-image-livraison.jpg\" alt=\"\" width=\"1062\" height=\"449\" srcset=\"https:\/\/www.inter-rivenord.com\/wp-content\/uploads\/2024\/05\/eMV-image-livraison.jpg 1062w, https:\/\/www.inter-rivenord.com\/wp-content\/uploads\/2024\/05\/eMV-image-livraison-300x127.jpg 300w, https:\/\/www.inter-rivenord.com\/wp-content\/uploads\/2024\/05\/eMV-image-livraison-1024x433.jpg 1024w, https:\/\/www.inter-rivenord.com\/wp-content\/uploads\/2024\/05\/eMV-image-livraison-768x325.jpg 768w, https:\/\/www.inter-rivenord.com\/wp-content\/uploads\/2024\/05\/eMV-image-livraison-991x419.jpg 991w, https:\/\/www.inter-rivenord.com\/wp-content\/uploads\/2024\/05\/eMV-image-livraison-692x293.jpg 692w, https:\/\/www.inter-rivenord.com\/wp-content\/uploads\/2024\/05\/eMV-image-livraison-734x310.jpg 734w, https:\/\/www.inter-rivenord.com\/wp-content\/uploads\/2024\/05\/eMV-image-livraison-722x305.jpg 722w, https:\/\/www.inter-rivenord.com\/wp-content\/uploads\/2024\/05\/eMV-image-livraison-960x406.jpg 960w, https:\/\/www.inter-rivenord.com\/wp-content\/uploads\/2024\/05\/eMV-image-livraison-342x145.jpg 342w\" sizes=\"(max-width: 1062px) 100vw, 1062px\" \/><\/a><\/p>\n<p>&nbsp;<\/p>\n<h4>SERVICE<\/h4>\n<p>&nbsp;<\/p>\n<p>Gr\u00e2ce \u00e0 un syst\u00e8me ePTO avanc\u00e9 disponible en usine, une large gamme de carrosseries de service peut \u00eatre mont\u00e9e. La puissance quasi silencieuse signifie que les op\u00e9rateurs dans peuvent d\u00e9sormais communiquer facilement avec ceux qui se trouvent en dessous, am\u00e9liorant ainsi la s\u00e9curit\u00e9 et la productivit\u00e9 sur le chantier.<\/p>\n<p>&nbsp;<\/p>\n<p><a href=\"https:\/\/www.inter-rivenord.com\/wp-content\/uploads\/2024\/05\/eMV-image-service.jpg\"><img loading=\"lazy\" class=\"aligncenter size-full wp-image-8201\" src=\"https:\/\/www.inter-rivenord.com\/wp-content\/uploads\/2024\/05\/eMV-image-service.jpg\" alt=\"\" width=\"1062\" height=\"449\" srcset=\"https:\/\/www.inter-rivenord.com\/wp-content\/uploads\/2024\/05\/eMV-image-service.jpg 1062w, https:\/\/www.inter-rivenord.com\/wp-content\/uploads\/2024\/05\/eMV-image-service-300x127.jpg 300w, https:\/\/www.inter-rivenord.com\/wp-content\/uploads\/2024\/05\/eMV-image-service-1024x433.jpg 1024w, https:\/\/www.inter-rivenord.com\/wp-content\/uploads\/2024\/05\/eMV-image-service-768x325.jpg 768w, https:\/\/www.inter-rivenord.com\/wp-content\/uploads\/2024\/05\/eMV-image-service-991x419.jpg 991w, https:\/\/www.inter-rivenord.com\/wp-content\/uploads\/2024\/05\/eMV-image-service-692x293.jpg 692w, https:\/\/www.inter-rivenord.com\/wp-content\/uploads\/2024\/05\/eMV-image-service-734x310.jpg 734w, https:\/\/www.inter-rivenord.com\/wp-content\/uploads\/2024\/05\/eMV-image-service-722x305.jpg 722w, https:\/\/www.inter-rivenord.com\/wp-content\/uploads\/2024\/05\/eMV-image-service-960x406.jpg 960w, https:\/\/www.inter-rivenord.com\/wp-content\/uploads\/2024\/05\/eMV-image-service-342x145.jpg 342w\" sizes=\"(max-width: 1062px) 100vw, 1062px\" \/><\/a><\/p>\n<p>&nbsp;<\/p>\n<h4>TERRASSEMENT<\/h4>\n<p>&nbsp;<\/p>\n<p>Les travaux d&rsquo;am\u00e9nagement paysager n\u00e9cessitent le transport d&rsquo;une grande vari\u00e9t\u00e9 d&rsquo;outils et d&rsquo;\u00e9quipements tout en laissant de la place pour l&rsquo;enl\u00e8vement des branches, des feuilles et de tout ce qui doit \u00eatre transport\u00e9. Cela signifie qu\u2019une benne sur piquets est le camion pr\u00e9f\u00e9r\u00e9. Le camion \u00e0 carrosserie sur ranchers de la s\u00e9rie eMV peut g\u00e9rer tout ce que le travail exige lors de la conduite dans les quartiers et les municipalit\u00e9s sans cr\u00e9er d&rsquo;\u00e9missions ni de bruit.<\/p>\n<p>&nbsp;<\/p>\n<p><a href=\"https:\/\/www.inter-rivenord.com\/wp-content\/uploads\/2024\/05\/eMV-image-terrassement.jpg\"><img loading=\"lazy\" class=\"aligncenter size-full wp-image-8203\" src=\"https:\/\/www.inter-rivenord.com\/wp-content\/uploads\/2024\/05\/eMV-image-terrassement.jpg\" alt=\"\" width=\"1062\" height=\"449\" srcset=\"https:\/\/www.inter-rivenord.com\/wp-content\/uploads\/2024\/05\/eMV-image-terrassement.jpg 1062w, https:\/\/www.inter-rivenord.com\/wp-content\/uploads\/2024\/05\/eMV-image-terrassement-300x127.jpg 300w, https:\/\/www.inter-rivenord.com\/wp-content\/uploads\/2024\/05\/eMV-image-terrassement-1024x433.jpg 1024w, https:\/\/www.inter-rivenord.com\/wp-content\/uploads\/2024\/05\/eMV-image-terrassement-768x325.jpg 768w, https:\/\/www.inter-rivenord.com\/wp-content\/uploads\/2024\/05\/eMV-image-terrassement-991x419.jpg 991w, https:\/\/www.inter-rivenord.com\/wp-content\/uploads\/2024\/05\/eMV-image-terrassement-692x293.jpg 692w, https:\/\/www.inter-rivenord.com\/wp-content\/uploads\/2024\/05\/eMV-image-terrassement-734x310.jpg 734w, https:\/\/www.inter-rivenord.com\/wp-content\/uploads\/2024\/05\/eMV-image-terrassement-722x305.jpg 722w, https:\/\/www.inter-rivenord.com\/wp-content\/uploads\/2024\/05\/eMV-image-terrassement-960x406.jpg 960w, https:\/\/www.inter-rivenord.com\/wp-content\/uploads\/2024\/05\/eMV-image-terrassement-342x145.jpg 342w\" sizes=\"(max-width: 1062px) 100vw, 1062px\" \/><\/a><\/p>\n<p>&nbsp;<\/p>\n<h4>CONSTRUCTION<\/h4>\n<p>&nbsp;<\/p>\n<p>La construction n\u00e9cessite \u00e0 la fois des comp\u00e9tences et des capacit\u00e9s. Le camion-benne de la s\u00e9rie eMV est pr\u00eat \u00e0 se mettre au travail sur le chantier. Offrant toute la robustesse pour laquelle la s\u00e9rie MV diesel est connue, la s\u00e9rie eMV peut transporter, transporter et vider de mani\u00e8re silencieuse et efficace. Dans certains cas, la s\u00e9rie eMV peut \u00eatre capable de fonctionner dans des endroits o\u00f9 un camion diesel n&rsquo;est pas appropri\u00e9, comme un parc urbain ou \u00e0 l&rsquo;int\u00e9rieur d&rsquo;un centre de congr\u00e8s.<\/p>\n<p>&nbsp;<\/p>\n<p><a href=\"https:\/\/www.inter-rivenord.com\/wp-content\/uploads\/2024\/05\/eMV-image-construction.jpg\"><img loading=\"lazy\" class=\"aligncenter size-full wp-image-8195\" src=\"https:\/\/www.inter-rivenord.com\/wp-content\/uploads\/2024\/05\/eMV-image-construction.jpg\" alt=\"\" width=\"1062\" height=\"449\" srcset=\"https:\/\/www.inter-rivenord.com\/wp-content\/uploads\/2024\/05\/eMV-image-construction.jpg 1062w, https:\/\/www.inter-rivenord.com\/wp-content\/uploads\/2024\/05\/eMV-image-construction-300x127.jpg 300w, https:\/\/www.inter-rivenord.com\/wp-content\/uploads\/2024\/05\/eMV-image-construction-1024x433.jpg 1024w, https:\/\/www.inter-rivenord.com\/wp-content\/uploads\/2024\/05\/eMV-image-construction-768x325.jpg 768w, https:\/\/www.inter-rivenord.com\/wp-content\/uploads\/2024\/05\/eMV-image-construction-991x419.jpg 991w, https:\/\/www.inter-rivenord.com\/wp-content\/uploads\/2024\/05\/eMV-image-construction-692x293.jpg 692w, https:\/\/www.inter-rivenord.com\/wp-content\/uploads\/2024\/05\/eMV-image-construction-734x310.jpg 734w, https:\/\/www.inter-rivenord.com\/wp-content\/uploads\/2024\/05\/eMV-image-construction-722x305.jpg 722w, https:\/\/www.inter-rivenord.com\/wp-content\/uploads\/2024\/05\/eMV-image-construction-960x406.jpg 960w, https:\/\/www.inter-rivenord.com\/wp-content\/uploads\/2024\/05\/eMV-image-construction-342x145.jpg 342w\" sizes=\"(max-width: 1062px) 100vw, 1062px\" \/><\/a><\/p>\n<p>&nbsp;<\/p>\n<h4>R\u00c9FRIG\u00c9R\u00c9<\/h4>\n<p>&nbsp;<\/p>\n<p>\u00c9quip\u00e9 de la fonction ePower, le camion r\u00e9frig\u00e9r\u00e9 de la s\u00e9rie eMV est aliment\u00e9 directement par la batterie du v\u00e9hicule, qui fournit l&rsquo;\u00e9lectricit\u00e9 n\u00e9cessaire pour maintenir la cargaison \u00e0 des temp\u00e9ratures optimales.<\/p>\n<p>&nbsp;<\/p>\n<h3><span style=\"color: #ff9900;\"><strong><span style=\"color: #ff6600;\">BROCHURES<\/span><\/strong><\/span><\/h3>\n<p>&nbsp;<\/p>\n<table border=\"2\">\n<tbody>\n<tr>\n<th><a href=\"https:\/\/www.internationaltrucks.com\/-\/media\/Project\/International-Trucks\/International-Trucks\/USA\/Trucks\/EMV-Series\/NAV23-INT-eMV-SpecSheet-vF-01.pdf?rev=efd07705cbda47bc9572c4d03e8b8a88&amp;hash=584606AA4E23ADA2BEADCA8E7C8EE5FE\" target=\"_blank\" rel=\"noopener\"><img loading=\"lazy\" class=\"alignnone wp-image-8211 size-full\" src=\"https:\/\/www.inter-rivenord.com\/wp-content\/uploads\/2024\/05\/eMV-Spec-Sheet.jpg\" alt=\"\" width=\"300\" height=\"232\" \/><\/a><\/th>\n<th><a href=\"https:\/\/www.internationaltrucks.com\/-\/media\/Project\/International-Trucks\/International-Trucks\/USA\/Trucks\/EMV-Series\/NAV23-INT-eMV-Series-Brochure-v11-8-pages.pdf?rev=35f650931d9f47ea935b5215570f9f24&amp;hash=3A30939700EC576D716CF8EDE05D82B6\" target=\"_blank\" rel=\"noopener\"><img loading=\"lazy\" class=\"alignnone wp-image-8207 size-full\" src=\"https:\/\/www.inter-rivenord.com\/wp-content\/uploads\/2024\/05\/eMV-Brochure.jpg\" alt=\"\" width=\"300\" height=\"232\" \/><\/a><\/th>\n<th><a href=\"https:\/\/www.internationaltrucks.com\/-\/media\/Project\/International-Trucks\/International-Trucks\/USA\/Trucks\/EMV-Series\/NAV23-INT-ePTO-ePower-vF-02.pdf?rev=3fa9deadcd3648a697c1703366cc1ae5&amp;hash=5C3E045C6C48EE9AC94F53EDE6923AB8\" target=\"_blank\" rel=\"noopener\"><img loading=\"lazy\" class=\"alignnone wp-image-8209 size-full\" src=\"https:\/\/www.inter-rivenord.com\/wp-content\/uploads\/2024\/05\/eMV-Series-Body-Integration-Specs.jpg\" alt=\"\" width=\"300\" height=\"232\" \/><\/a><\/th>\n<\/tr>\n<\/tbody>\n<\/table>\n","protected":false},"excerpt":{"rendered":"<p>CARACT\u00c9RISTIQUES PRINCIPALES DE LA S\u00c9RIE INTERNATIONAL\u00ae eMV\u2122 Autonomie typique : 217 km* Puissance maximale : 342 ch (batterie au lithium fer phosphate (LFP) de 210 KWh)** 3 niveaux de freinage r\u00e9g\u00e9n\u00e9ratif Acc\u00e9l\u00e9ration \u00e9gale ou sup\u00e9rieure \u00e0 celle du diesel Syst\u00e8me de gestion thermique de la batterie (BTMS) utilisant un liquide de refroidissement rouge standard Entretien &hellip; <a href=\"https:\/\/www.inter-rivenord.com\/fr\/zero-emission\/\">Continued<\/a><\/p>\n","protected":false},"author":1,"featured_media":0,"parent":0,"menu_order":0,"comment_status":"closed","ping_status":"closed","template":"template-no-sidebar.php","meta":[],"acf":[],"_links":{"self":[{"href":"https:\/\/www.inter-rivenord.com\/fr\/wp-json\/wp\/v2\/pages\/8183"}],"collection":[{"href":"https:\/\/www.inter-rivenord.com\/fr\/wp-json\/wp\/v2\/pages"}],"about":[{"href":"https:\/\/www.inter-rivenord.com\/fr\/wp-json\/wp\/v2\/types\/page"}],"author":[{"embeddable":true,"href":"https:\/\/www.inter-rivenord.com\/fr\/wp-json\/wp\/v2\/users\/1"}],"replies":[{"embeddable":true,"href":"https:\/\/www.inter-rivenord.com\/fr\/wp-json\/wp\/v2\/comments?post=8183"}],"version-history":[{"count":2,"href":"https:\/\/www.inter-rivenord.com\/fr\/wp-json\/wp\/v2\/pages\/8183\/revisions"}],"predecessor-version":[{"id":8239,"href":"https:\/\/www.inter-rivenord.com\/fr\/wp-json\/wp\/v2\/pages\/8183\/revisions\/8239"}],"wp:attachment":[{"href":"https:\/\/www.inter-rivenord.com\/fr\/wp-json\/wp\/v2\/media?parent=8183"}],"curies":[{"name":"wp","href":"https:\/\/api.w.org\/{rel}","templated":true}]}}